{"id":20425,"date":"2023-09-18T12:02:21","date_gmt":"2023-09-18T09:02:21","guid":{"rendered":"https:\/\/martura.com\/hakkimizda\/"},"modified":"2023-10-31T07:37:31","modified_gmt":"2023-10-31T04:37:31","slug":"hakkimizda","status":"publish","type":"page","link":"https:\/\/martura.com\/tr\/hakkimizda\/","title":{"rendered":"Hakk\u0131m\u0131zda"},"content":{"rendered":"\t\t<div data-elementor-type=\"wp-page\" data-elementor-id=\"20425\" class=\"elementor elementor-20425 elementor-12089\" data-elementor-post-type=\"page\">\n\t\t\t\t<div class=\"elementor-element elementor-element-3210b11 e-con-full e-flex e-con e-parent\" data-id=\"3210b11\" data-element_type=\"container\" data-e-type=\"container\" data-settings=\"{&quot;background_background&quot;:&quot;classic&quot;}\">\n\t\t<div class=\"elementor-element elementor-element-2857ec0 e-con-full e-flex e-con e-child\" data-id=\"2857ec0\" data-element_type=\"container\" data-e-type=\"container\">\n\t\t\t\t<div class=\"elementor-element elementor-element-57da538 elementor-widget elementor-widget-hub_fancy_heading\" data-id=\"57da538\" data-element_type=\"widget\" data-e-type=\"widget\" data-widget_type=\"hub_fancy_heading.default\">\n\t\t\t\t<div class=\"elementor-widget-container\">\n\t\t\t\t\t\n\t\t<div id=\"ld-fancy-heading-69ea41820fc0d\" class=\"ld-fancy-heading pos-rel\">\n\t\t\t<h1 class=\"ld-fh-element d-inline-block pos-rel  elementor-heading-title lqd-highlight-classic lqd-highlight-grow-left h1\"  > Hakk\u0131m\u0131zda<\/h1>\t\t<\/div>\n\n\t\t\t\t\t\t<\/div>\n\t\t\t\t<\/div>\n\t\t\t\t<\/div>\n\t\t\t\t<\/div>\n\t\t\t\t<section class=\"elementor-section elementor-top-section elementor-element elementor-element-6923f987 elementor-section-boxed elementor-section-height-default elementor-section-height-default\" data-id=\"6923f987\" data-element_type=\"section\" data-e-type=\"section\">\n\t\t\t\t\t\t<div class=\"elementor-container elementor-column-gap-default\">\n\t\t\t\t\t<div class=\"elementor-column elementor-col-50 elementor-top-column elementor-element elementor-element-2d7fed67\" data-id=\"2d7fed67\" data-element_type=\"column\" data-e-type=\"column\">\n\t\t\t<div class=\"elementor-widget-wrap elementor-element-populated\">\n\t\t\t\t\t\t<div class=\"elementor-element elementor-element-3aa02efc elementor-widget__width-initial elementor-absolute elementor-widget elementor-widget-ld_fancy_image\" data-id=\"3aa02efc\" data-element_type=\"widget\" data-e-type=\"widget\" data-settings=\"{&quot;_position&quot;:&quot;absolute&quot;}\" data-widget_type=\"ld_fancy_image.default\">\n\t\t\t\t<div class=\"elementor-widget-container\">\n\t\t\t\t\t\n\t\t<div class=\"lqd-imggrp-single d-block pos-rel \">\n\t\t\t<div class=\"lqd-imggrp-img-container d-inline-flex pos-rel align-items-center justify-content-center \">\n\t\t\t\t\t\t\t\t<figure class=\"w-100 pos-rel\">\n\t\t\t\t\t<img fetchpriority=\"high\" decoding=\"async\" width=\"540\" height=\"540\" src=\"https:\/\/martura.com\/wp-content\/uploads\/about-deep-blur.webp\" class=\"attachment-full size-full wp-image-12326\" alt=\"\" srcset=\"https:\/\/martura.com\/wp-content\/uploads\/about-deep-blur.webp 540w, https:\/\/martura.com\/wp-content\/uploads\/about-deep-blur-300x300.webp 300w, https:\/\/martura.com\/wp-content\/uploads\/about-deep-blur-150x150.webp 150w, https:\/\/martura.com\/wp-content\/uploads\/about-deep-blur-320x320.webp 320w\" sizes=\"(max-width: 540px) 100vw, 540px\" \/>\t\t\t\t\t\t\t\t\t\t\t\t\t\t\t\t\t\t\t\t\t\t\t\t\t\t\t\t\t<\/figure>\n\t\t\t<\/div>\n\t\t<\/div>\n\n\t\t\t\t\t<\/div>\n\t\t\t\t<\/div>\n\t\t\t\t<div class=\"elementor-element elementor-element-76cf6bd elementor-absolute elementor-widget-tablet__width-initial elementor-widget-mobile__width-initial elementor-widget elementor-widget-ld_fancy_image\" data-id=\"76cf6bd\" data-element_type=\"widget\" data-e-type=\"widget\" data-settings=\"{&quot;_position&quot;:&quot;absolute&quot;}\" data-widget_type=\"ld_fancy_image.default\">\n\t\t\t\t<div class=\"elementor-widget-container\">\n\t\t\t\t\t\n\t\t<div class=\"lqd-imggrp-single d-block pos-rel \">\n\t\t\t<div class=\"lqd-imggrp-img-container d-inline-flex pos-rel align-items-center justify-content-center \">\n\t\t\t\t\t\t\t\t<figure class=\"w-100 pos-rel\">\n\t\t\t\t\t<img decoding=\"async\" width=\"1100\" height=\"1100\" src=\"https:\/\/martura.com\/wp-content\/uploads\/about-deep-blue.webp\" class=\"attachment-full size-full wp-image-12325\" alt=\"\" srcset=\"https:\/\/martura.com\/wp-content\/uploads\/about-deep-blue.webp 1100w, https:\/\/martura.com\/wp-content\/uploads\/about-deep-blue-300x300.webp 300w, https:\/\/martura.com\/wp-content\/uploads\/about-deep-blue-1024x1024.webp 1024w, https:\/\/martura.com\/wp-content\/uploads\/about-deep-blue-150x150.webp 150w, https:\/\/martura.com\/wp-content\/uploads\/about-deep-blue-320x320.webp 320w, https:\/\/martura.com\/wp-content\/uploads\/about-deep-blue-760x760.webp 760w\" sizes=\"(max-width: 1100px) 100vw, 1100px\" \/>\t\t\t\t\t\t\t\t\t\t\t\t\t\t\t\t\t\t\t\t\t\t\t\t\t\t\t\t\t<\/figure>\n\t\t\t<\/div>\n\t\t<\/div>\n\n\t\t\t\t\t<\/div>\n\t\t\t\t<\/div>\n\t\t\t\t\t<\/div>\n\t\t<\/div>\n\t\t\t\t<div class=\"elementor-column elementor-col-50 elementor-top-column elementor-element elementor-element-54abb270\" data-id=\"54abb270\" data-element_type=\"column\" data-e-type=\"column\">\n\t\t\t<div class=\"elementor-widget-wrap elementor-element-populated\">\n\t\t\t\t\t\t<div class=\"elementor-element elementor-element-4d9cfd62 elementor-widget elementor-widget-hub_fancy_heading\" data-id=\"4d9cfd62\" data-element_type=\"widget\" data-e-type=\"widget\" data-widget_type=\"hub_fancy_heading.default\">\n\t\t\t\t<div class=\"elementor-widget-container\">\n\t\t\t\t\t\n\t\t<div id=\"ld-fancy-heading-69ea418212704\" class=\"ld-fancy-heading pos-rel\">\n\t\t\t<h2 class=\"ld-fh-element d-inline-block pos-rel  elementor-heading-title lqd-highlight-classic lqd-highlight-grow-left lqd-highlight-reset-onhover h2\"  > ZAMANIN \u00d6TESI\u0307NDEN GELEN G\u00dcZELLI\u0307K VE GELENEK<\/h2>\t\t<\/div>\n\n\t\t\t\t\t\t<\/div>\n\t\t\t\t<\/div>\n\t\t\t\t<div class=\"elementor-element elementor-element-836323b elementor-widget elementor-widget-hub_fancy_heading\" data-id=\"836323b\" data-element_type=\"widget\" data-e-type=\"widget\" data-widget_type=\"hub_fancy_heading.default\">\n\t\t\t\t<div class=\"elementor-widget-container\">\n\t\t\t\t\t\n\t\t<div id=\"ld-fancy-heading-69ea418213398\" class=\"ld-fancy-heading pos-rel\">\n\t\t\t<p class=\"ld-fh-element d-inline-block pos-rel  lqd-highlight-classic lqd-highlight-grow-left p\"  > 1959'dan bu yana kendimizi, tamam\u0131 kendi ocaklar\u0131m\u0131zdan ve son teknoloji fabrikalar\u0131m\u0131zdan temin edilen bloklar, plakalar ve hassas kesim par\u00e7alar gibi do\u011fal ta\u015f \u00fcr\u00fcnleri \u00fcretmeye ve ihra\u00e7 etmeye adad\u0131k. \n<br><br>\nSon derece rekabet\u00e7i bir k\u00fcresel pazarda sadece hayatta kalmakla kalmad\u0131k, ayn\u0131 zamanda ba\u015far\u0131l\u0131 da olduk. D\u00fcnya \u00e7ap\u0131ndaki de\u011ferli m\u00fc\u015fterilerimizin farkl\u0131 ihtiya\u00e7lar\u0131n\u0131 kar\u015f\u0131layan \u00e7e\u015fitli y\u00fczeylere sahip \u00e7ok \u00e7e\u015fitli \u00fcr\u00fcnler sunmak i\u00e7in \u00fcretim kapasitemizi s\u00fcrekli olarak geni\u015flettik ve y\u00fckselttik.\n<br><br>\n\u0130tici g\u00fcc\u00fcm\u00fcz, m\u00fc\u015fterilerimizi ilk s\u0131raya koyma konusundaki sars\u0131lmaz kararl\u0131l\u0131\u011f\u0131m\u0131zd\u0131r. Bu m\u00fc\u015fteri odakl\u0131 yakla\u015f\u0131m, operasyonumuzun her par\u00e7as\u0131nda yer almaktad\u0131r. \u0130ster hammadde tedariki ister son dokunu\u015flar\u0131n m\u00fckemmelle\u015ftirilmesi olsun, kendimizi m\u00fc\u015fteri beklentilerini a\u015fmaya adad\u0131k.\n<br>\nBa\u015far\u0131m\u0131z, kalite ve ustal\u0131\u011f\u0131n birle\u015fimi \u00fczerine in\u015fa edilmi\u015ftir. Ad\u0131m\u0131z\u0131 ta\u015f\u0131yan her bir par\u00e7a, do\u011fal malzemeleri zamans\u0131z sanat eserlerine d\u00f6n\u00fc\u015ft\u00fcren zanaatk\u00e2rlar\u0131m\u0131z\u0131n beceri ve \u00f6zverisini yans\u0131tmaktad\u0131r. Kaliteye olan ba\u011fl\u0131l\u0131\u011f\u0131m\u0131z sadece bir vaat de\u011fil; \u00fcretim s\u00fcrecimizin her a\u015famas\u0131nda s\u00fcrd\u00fcr\u00fclen bir garantidir.\n<br><br>\nYolculu\u011fumuz kurucular\u0131m\u0131z Turan Beki\u015fo\u011flu ve Mediha Beki\u015fo\u011flu ile ba\u015flad\u0131. Onlar\u0131n vizyonu ve adanm\u0131\u015fl\u0131\u011f\u0131 ba\u015far\u0131m\u0131z\u0131n temelini olu\u015fturdu. Bug\u00fcn kimli\u011fimizi \u015fekillendirmeye devam eden d\u00fcr\u00fcstl\u00fck, yenilik\u00e7ilik ve m\u00fc\u015fteri odakl\u0131l\u0131k de\u011ferlerini a\u015f\u0131lad\u0131lar.\n<br><br>\n\u0130leriye bakt\u0131\u011f\u0131m\u0131zda, onlar\u0131n miras\u0131n\u0131 gururla ta\u015f\u0131yoruz. Kaliteye, yenili\u011fe ve m\u00fc\u015fteri memnuniyetine olan ba\u011fl\u0131l\u0131\u011f\u0131m\u0131z bizi ileriye g\u00f6t\u00fcr\u00fcyor. Gelene\u011fin modernlikle bulu\u015ftu\u011fu ve her par\u00e7an\u0131n tutkumuzu, hassasiyetimizi ve m\u00fckemmellik s\u00f6z\u00fcm\u00fcz\u00fc temsil etti\u011fi do\u011fal ta\u015f d\u00fcnyam\u0131za ho\u015f geldiniz. Her bir par\u00e7an\u0131n adanm\u0131\u015fl\u0131k, i\u015f\u00e7ilik ve kal\u0131c\u0131 kalitenin hikayesini anlatt\u0131\u011f\u0131 do\u011fal ta\u015f\u0131n zamans\u0131z g\u00fczelli\u011fini bizimle ke\u015ffedin.<\/p>\t\t<\/div>\n\n\t\t\t\t\t\t<\/div>\n\t\t\t\t<\/div>\n\t\t\t\t\t<\/div>\n\t\t<\/div>\n\t\t\t\t\t<\/div>\n\t\t<\/section>\n\t\t\t\t<section class=\"elementor-section elementor-top-section elementor-element elementor-element-189fa7dd elementor-section-content-middle elementor-section-boxed elementor-section-height-default elementor-section-height-default\" data-id=\"189fa7dd\" data-element_type=\"section\" data-e-type=\"section\">\n\t\t\t\t\t\t<div class=\"elementor-container elementor-column-gap-default\">\n\t\t\t\t\t<div class=\"elementor-column elementor-col-100 elementor-top-column elementor-element elementor-element-1774978e\" data-id=\"1774978e\" data-element_type=\"column\" data-e-type=\"column\">\n\t\t\t<div class=\"elementor-widget-wrap elementor-element-populated\">\n\t\t\t\t\t\t<section class=\"elementor-section elementor-inner-section elementor-element elementor-element-4770ab9a elementor-section-content-middle elementor-section-boxed elementor-section-height-default elementor-section-height-default\" data-id=\"4770ab9a\" data-element_type=\"section\" data-e-type=\"section\">\n\t\t\t\t\t\t<div class=\"elementor-container elementor-column-gap-wide\">\n\t\t\t\t\t<div class=\"elementor-column elementor-col-50 elementor-inner-column elementor-element elementor-element-5323542b\" data-id=\"5323542b\" data-element_type=\"column\" data-e-type=\"column\">\n\t\t\t<div class=\"elementor-widget-wrap elementor-element-populated\">\n\t\t\t\t\t\t<div class=\"elementor-element elementor-element-5c5e6568 elementor-align-left elementor-widget elementor-widget-ld_icon_box\" data-id=\"5c5e6568\" data-element_type=\"widget\" data-e-type=\"widget\" data-widget_type=\"ld_icon_box.default\">\n\t\t\t\t<div class=\"elementor-widget-container\">\n\t\t\t\t\t\n\t\t\t<div id=\"ld_icon_box_5c5e6568\" class=\"iconbox d-flex flex-grow-1 pos-rel flex-column iconbox-default iconbox-contents-show-onhover\"   data-slideelement-onhover=\"true\" data-slideelement-options='{ \"visibleElement\": \".iconbox-icon-wrap, p, h3\", \"hiddenElement\": \".btn\", \"alignMid\": true, \"triggerElement\": \".elementor-widget-container\" }'>\n\n\t\t\t\t\n\t\t\t\t<div class=\"iconbox-icon-wrap  \"><div class=\"iconbox-icon-container d-inline-flex   \"><svg xmlns=\"http:\/\/www.w3.org\/2000\/svg\" xmlns:xlink=\"http:\/\/www.w3.org\/1999\/xlink\" id=\"Capa_1\" x=\"0px\" y=\"0px\" viewBox=\"0 0 512 512\" style=\"enable-background:new 0 0 512 512;\" xml:space=\"preserve\" width=\"512\" height=\"512\"><g>\t<polyline style=\"fill:none;stroke:#000000;stroke-width:30;stroke-miterlimit:10;\" points=\"89,497 15,497 15,495.006 126,288.294 &#10;&#9;&#9;163.968,359 &#9;\"><\/polyline>\t<polyline style=\"fill:none;stroke:#000000;stroke-width:30;stroke-miterlimit:10;\" points=\"348,359.06 386,288.294 497,495.006 &#10;&#9;&#9;497,497 420,497 &#9;\"><\/polyline>\t<polygon style=\"fill:none;stroke:#000000;stroke-width:30;stroke-miterlimit:10;\" points=\"89,497 89,494 256,183 423,494 423,497 &#9;&#10;&#9;&#9;\"><\/polygon>\t<line style=\"fill:none;stroke:#000000;stroke-width:30;stroke-miterlimit:10;\" x1=\"256\" y1=\"183\" x2=\"256\" y2=\"24\"><\/line>\t<rect x=\"256\" y=\"15\" style=\"fill:none;stroke:#000000;stroke-width:30;stroke-miterlimit:10;\" width=\"110\" height=\"73\"><\/rect>\t<path style=\"fill:none;stroke:#000000;stroke-width:30;stroke-miterlimit:10;\" d=\"M203.908,280.011&#10;&#9;&#9;C217.992,291.855,236.158,299,256,299s38.008-7.146,52.093-18.989\"><\/path><\/g><\/svg><\/div><\/div>\n\t\t\t\t<h3 class=\"lqd-iconbox-heading \" >M\u0130SYON <\/h3>\n\t\t\t\t<div class=\"contents \">\n\t\t\t\t\n\t\t\t\t\t\t\t\t<p>Aile gelene\u011fini nesilden nesile devam ettiren, faaliyetleriyle \u00fclkesine ve milletine katma de\u011fer sa\u011flayan, verimlili\u011fi, karl\u0131l\u0131\u011f\u0131 ve m\u00fc\u015fteri memnuniyetini her zaman \u00f6n planda tutan bir \u015firket olmak.<\/p>\n\t\t\t\t\n\t\t\t\t<\/div>\n\t\t\t\t\n\t\t\t<\/div>\n\n\t\t\t\t\t\t<\/div>\n\t\t\t\t<\/div>\n\t\t\t\t\t<\/div>\n\t\t<\/div>\n\t\t\t\t<div class=\"elementor-column elementor-col-50 elementor-inner-column elementor-element elementor-element-77d09db8\" data-id=\"77d09db8\" data-element_type=\"column\" data-e-type=\"column\">\n\t\t\t<div class=\"elementor-widget-wrap elementor-element-populated\">\n\t\t\t\t\t\t<div class=\"elementor-element elementor-element-5016b9e3 elementor-align-left elementor-widget elementor-widget-ld_icon_box\" data-id=\"5016b9e3\" data-element_type=\"widget\" data-e-type=\"widget\" data-widget_type=\"ld_icon_box.default\">\n\t\t\t\t<div class=\"elementor-widget-container\">\n\t\t\t\t\t\n\t\t\t<div id=\"ld_icon_box_5016b9e3\" class=\"iconbox d-flex flex-grow-1 pos-rel flex-column iconbox-default iconbox-contents-show-onhover\"   data-slideelement-onhover=\"true\" data-slideelement-options='{ \"visibleElement\": \".iconbox-icon-wrap, p, h3\", \"hiddenElement\": \".btn\", \"alignMid\": true, \"triggerElement\": \".elementor-widget-container\" }'>\n\n\t\t\t\t\n\t\t\t\t<div class=\"iconbox-icon-wrap  \"><div class=\"iconbox-icon-container d-inline-flex   \"><svg xmlns=\"http:\/\/www.w3.org\/2000\/svg\" xmlns:svg=\"http:\/\/www.w3.org\/2000\/svg\" id=\"svg63\" xml:space=\"preserve\" width=\"682.66669\" height=\"682.66669\" viewBox=\"0 0 682.66669 682.66669\"><defs id=\"defs67\"><clipPath clipPathUnits=\"userSpaceOnUse\" id=\"clipPath77\"><path d=\"M 0,512 H 512 V 0 H 0 Z\" id=\"path75\"><\/path><\/clipPath><\/defs><g id=\"g69\" transform=\"matrix(1.3333333,0,0,-1.3333333,0,682.66667)\"><g id=\"g71\"><g id=\"g73\" clip-path=\"url(#clipPath77)\"><g id=\"g79\" transform=\"translate(256,257)\"><path d=\"m 0,0 -120,-242 h -45\" style=\"fill:none;stroke:#000000;stroke-width:30;stroke-linecap:butt;stroke-linejoin:miter;stroke-miterlimit:10;stroke-dasharray:none;stroke-opacity:1\" id=\"path81\"><\/path><\/g><g id=\"g83\" transform=\"translate(256,257)\"><path d=\"M 0,0 V -242\" style=\"fill:none;stroke:#000000;stroke-width:30;stroke-linecap:butt;stroke-linejoin:miter;stroke-miterlimit:10;stroke-dasharray:none;stroke-opacity:1\" id=\"path85\"><\/path><\/g><g id=\"g87\" transform=\"translate(421,15)\"><path d=\"M 0,0 H -45 L -165,242\" style=\"fill:none;stroke:#000000;stroke-width:30;stroke-linecap:butt;stroke-linejoin:miter;stroke-miterlimit:10;stroke-dasharray:none;stroke-opacity:1\" id=\"path89\"><\/path><\/g><g id=\"g91\" transform=\"translate(211,15)\"><path d=\"M 0,0 H 90\" style=\"fill:none;stroke:#000000;stroke-width:30;stroke-linecap:butt;stroke-linejoin:miter;stroke-miterlimit:10;stroke-dasharray:none;stroke-opacity:1\" id=\"path93\"><\/path><\/g><g id=\"g95\" transform=\"translate(286,287)\"><path d=\"m 0,0 c 0,-16.569 -13.432,-30 -30,-30 -16.568,0 -30,13.431 -30,30 0,16.569 13.432,30 30,30 C -13.432,30 0,16.569 0,0 Z\" style=\"fill:none;stroke:#000000;stroke-width:30;stroke-linecap:butt;stroke-linejoin:miter;stroke-miterlimit:10;stroke-dasharray:none;stroke-opacity:1\" id=\"path97\"><\/path><\/g><g id=\"g99\" transform=\"translate(485.896,348.74)\"><path d=\"M 0,0 -201.001,-53.644\" style=\"fill:none;stroke:#000000;stroke-width:30;stroke-linecap:butt;stroke-linejoin:miter;stroke-miterlimit:10;stroke-dasharray:none;stroke-opacity:1\" id=\"path101\"><\/path><\/g><g id=\"g103\" transform=\"translate(226.9287,279.5642)\"><path d=\"m 0,0 -61.588,-16.235 -31.058,115.912 320.555,85.41\" style=\"fill:none;stroke:#000000;stroke-width:30;stroke-linecap:butt;stroke-linejoin:miter;stroke-miterlimit:10;stroke-dasharray:none;stroke-opacity:1\" id=\"path105\"><\/path><\/g><g id=\"g107\" transform=\"translate(14.4888,362.6714)\"><path d=\"M 0,0 38.823,-144.889\" style=\"fill:none;stroke:#000000;stroke-width:30;stroke-linecap:butt;stroke-linejoin:miter;stroke-miterlimit:10;stroke-dasharray:none;stroke-opacity:1\" id=\"path109\"><\/path><\/g><g id=\"g111\" transform=\"translate(33.9004,290.2271)\"><path d=\"M 0,0 57.956,15.529\" style=\"fill:none;stroke:#000000;stroke-width:30;stroke-linecap:butt;stroke-linejoin:miter;stroke-miterlimit:10;stroke-dasharray:none;stroke-opacity:1\" id=\"path113\"><\/path><\/g><g id=\"g115\" transform=\"translate(157.5762,292.3074)\"><path d=\"m 0,0 -57.956,-15.529 -15.529,57.956 57.956,15.529\" style=\"fill:none;stroke:#000000;stroke-width:30;stroke-linecap:butt;stroke-linejoin:miter;stroke-miterlimit:10;stroke-dasharray:none;stroke-opacity:1\" id=\"path117\"><\/path><\/g><g id=\"g119\" transform=\"translate(443.1909,508.1177)\"><path d=\"M 0,0 54.352,-202.844\" style=\"fill:none;stroke:#000000;stroke-width:30;stroke-linecap:butt;stroke-linejoin:miter;stroke-miterlimit:10;stroke-dasharray:none;stroke-opacity:1\" id=\"path121\"><\/path><\/g><g id=\"g123\" transform=\"translate(396.8823,449.1219)\"><path d=\"M 0,0 31.058,-115.911\" style=\"fill:none;stroke:#000000;stroke-width:30;stroke-linecap:butt;stroke-linejoin:miter;stroke-miterlimit:10;stroke-dasharray:none;stroke-opacity:1\" id=\"path125\"><\/path><\/g><\/g><\/g><\/g><\/svg><\/div><\/div>\n\t\t\t\t<h3 class=\"lqd-iconbox-heading \" >V\u0130ZYON <\/h3>\n\t\t\t\t<div class=\"contents \">\n\t\t\t\t\n\t\t\t\t\t\t\t\t<p>M\u00fc\u015fterilerimizin beklentilerini a\u015farak en son teknolojiyi kullanarak do\u011fa ile uyumlu y\u00fcksek kaliteli \u00fcr\u00fcnler \u00fcretmek ve kalite standartlar\u0131m\u0131z\u0131 koruyan bir firma olmak.<\/p>\n\t\t\t\t\n\t\t\t\t<\/div>\n\t\t\t\t\n\t\t\t<\/div>\n\n\t\t\t\t\t\t<\/div>\n\t\t\t\t<\/div>\n\t\t\t\t\t<\/div>\n\t\t<\/div>\n\t\t\t\t\t<\/div>\n\t\t<\/section>\n\t\t\t\t\t<\/div>\n\t\t<\/div>\n\t\t\t\t\t<\/div>\n\t\t<\/section>\n\t\t\t\t<\/div>\n\t\t","protected":false},"excerpt":{"rendered":"<p>ZAMANIN \u00d6TESI\u0307NDEN GELEN G\u00dcZELLI\u0307K VE GELENEK 1959&#8217;dan bu yana kendimizi, tamam\u0131 kendi ocaklar\u0131m\u0131zdan ve son teknoloji fabrikalar\u0131m\u0131zdan temin edilen bloklar, plakalar ve hassas kesim par\u00e7alar gibi do\u011fal ta\u015f \u00fcr\u00fcnleri \u00fcretmeye ve ihra\u00e7 etmeye adad\u0131k. Son derece rekabet\u00e7i bir k\u00fcresel pazarda sadece hayatta kalmakla kalmad\u0131k, ayn\u0131 zamanda ba\u015far\u0131l\u0131 da olduk. D\u00fcnya \u00e7ap\u0131ndaki de\u011ferli m\u00fc\u015fterilerimizin farkl\u0131 ihtiya\u00e7lar\u0131n\u0131 [&hellip;]<\/p>\n","protected":false},"author":2,"featured_media":0,"parent":0,"menu_order":0,"comment_status":"closed","ping_status":"closed","template":"","meta":{"footnotes":""},"class_list":["post-20425","page","type-page","status-publish","hentry"],"_links":{"self":[{"href":"https:\/\/martura.com\/tr\/wp-json\/wp\/v2\/pages\/20425","targetHints":{"allow":["GET"]}}],"collection":[{"href":"https:\/\/martura.com\/tr\/wp-json\/wp\/v2\/pages"}],"about":[{"href":"https:\/\/martura.com\/tr\/wp-json\/wp\/v2\/types\/page"}],"author":[{"embeddable":true,"href":"https:\/\/martura.com\/tr\/wp-json\/wp\/v2\/users\/2"}],"replies":[{"embeddable":true,"href":"https:\/\/martura.com\/tr\/wp-json\/wp\/v2\/comments?post=20425"}],"version-history":[{"count":0,"href":"https:\/\/martura.com\/tr\/wp-json\/wp\/v2\/pages\/20425\/revisions"}],"wp:attachment":[{"href":"https:\/\/martura.com\/tr\/wp-json\/wp\/v2\/media?parent=20425"}],"curies":[{"name":"wp","href":"https:\/\/api.w.org\/{rel}","templated":true}]}}