{"id":20453,"date":"2023-09-28T14:19:11","date_gmt":"2023-09-28T11:19:11","guid":{"rendered":"https:\/\/martura.com\/kariyer\/"},"modified":"2023-12-18T12:55:27","modified_gmt":"2023-12-18T09:55:27","slug":"kariyer","status":"publish","type":"page","link":"https:\/\/martura.com\/tr\/kariyer\/","title":{"rendered":"Kariyer"},"content":{"rendered":"\t\t<div data-elementor-type=\"wp-page\" data-elementor-id=\"20453\" class=\"elementor elementor-20453 elementor-15218\" data-elementor-post-type=\"page\">\n\t\t\t\t<div class=\"elementor-element elementor-element-3210b11 e-con-full e-flex e-con e-parent\" data-id=\"3210b11\" data-element_type=\"container\" data-e-type=\"container\" data-settings=\"{&quot;background_background&quot;:&quot;classic&quot;}\">\n\t\t<div class=\"elementor-element elementor-element-2857ec0 e-con-full e-flex e-con e-child\" data-id=\"2857ec0\" data-element_type=\"container\" data-e-type=\"container\">\n\t\t\t\t<div class=\"elementor-element elementor-element-57da538 elementor-widget elementor-widget-hub_fancy_heading\" data-id=\"57da538\" data-element_type=\"widget\" data-e-type=\"widget\" data-widget_type=\"hub_fancy_heading.default\">\n\t\t\t\t<div class=\"elementor-widget-container\">\n\t\t\t\t\t\n\t\t<div id=\"ld-fancy-heading-69ea4184ea06f\" class=\"ld-fancy-heading pos-rel\">\n\t\t\t<h1 class=\"ld-fh-element d-inline-block pos-rel  elementor-heading-title lqd-highlight-classic lqd-highlight-grow-left h1\"  > Kariyer<\/h1>\t\t<\/div>\n\n\t\t\t\t\t\t<\/div>\n\t\t\t\t<\/div>\n\t\t\t\t<\/div>\n\t\t\t\t<\/div>\n\t\t<div class=\"elementor-element elementor-element-482123a e-flex e-con-boxed e-con e-parent\" data-id=\"482123a\" data-element_type=\"container\" data-e-type=\"container\">\n\t\t\t\t\t<div class=\"e-con-inner\">\n\t\t\t\t<div class=\"elementor-element elementor-element-a75493a elementor-align-center elementor-widget elementor-widget-button\" data-id=\"a75493a\" data-element_type=\"widget\" data-e-type=\"widget\" data-widget_type=\"button.default\">\n\t\t\t\t<div class=\"elementor-widget-container\">\n\t\t\t\t\t\t\t\t\t<div class=\"elementor-button-wrapper\">\n\t\t\t\t\t<a class=\"elementor-button elementor-button-link elementor-size-md\" href=\"https:\/\/www.kariyer.net\/is-ilanlari\/?ckw=Turan%20Bekisoglu%20Mermer%20San.%20Tic.%20A.s&#038;is=1\" target=\"_blank\" rel=\"nofollow noopener\">\n\t\t\t\t\t\t<span class=\"elementor-button-content-wrapper\">\n\t\t\t\t\t\t<span class=\"elementor-button-icon\">\n\t\t\t\t<i aria-hidden=\"true\" class=\"far fa-paper-plane\"><\/i>\t\t\t<\/span>\n\t\t\t\t\t\t\t\t\t<span class=\"elementor-button-text\">A\u00e7\u0131k Pozisyonlar\u0131 G\u00f6rmek i\u00e7in Buraya T\u0131klay\u0131n<\/span>\n\t\t\t\t\t<\/span>\n\t\t\t\t\t<\/a>\n\t\t\t\t<\/div>\n\t\t\t\t\t\t\t\t<\/div>\n\t\t\t\t<\/div>\n\t\t\t\t\t<\/div>\n\t\t\t\t<\/div>\n\t\t\t\t<\/div>\n\t\t","protected":false},"excerpt":{"rendered":"<p>A\u00e7\u0131k Pozisyonlar\u0131 G\u00f6rmek i\u00e7in Buraya T\u0131klay\u0131n<\/p>\n","protected":false},"author":2,"featured_media":0,"parent":0,"menu_order":0,"comment_status":"closed","ping_status":"closed","template":"","meta":{"footnotes":""},"class_list":["post-20453","page","type-page","status-publish","hentry"],"_links":{"self":[{"href":"https:\/\/martura.com\/tr\/wp-json\/wp\/v2\/pages\/20453","targetHints":{"allow":["GET"]}}],"collection":[{"href":"https:\/\/martura.com\/tr\/wp-json\/wp\/v2\/pages"}],"about":[{"href":"https:\/\/martura.com\/tr\/wp-json\/wp\/v2\/types\/page"}],"author":[{"embeddable":true,"href":"https:\/\/martura.com\/tr\/wp-json\/wp\/v2\/users\/2"}],"replies":[{"embeddable":true,"href":"https:\/\/martura.com\/tr\/wp-json\/wp\/v2\/comments?post=20453"}],"version-history":[{"count":0,"href":"https:\/\/martura.com\/tr\/wp-json\/wp\/v2\/pages\/20453\/revisions"}],"wp:attachment":[{"href":"https:\/\/martura.com\/tr\/wp-json\/wp\/v2\/media?parent=20453"}],"curies":[{"name":"wp","href":"https:\/\/api.w.org\/{rel}","templated":true}]}}