{"id":20460,"date":"2023-09-27T10:01:38","date_gmt":"2023-09-27T07:01:38","guid":{"rendered":"https:\/\/martura.com\/katalog\/"},"modified":"2023-10-19T10:58:50","modified_gmt":"2023-10-19T07:58:50","slug":"katalog","status":"publish","type":"page","link":"https:\/\/martura.com\/tr\/katalog\/","title":{"rendered":"Katalog"},"content":{"rendered":"\t\t<div data-elementor-type=\"wp-page\" data-elementor-id=\"20460\" class=\"elementor elementor-20460 elementor-14655\" data-elementor-post-type=\"page\">\n\t\t\t\t<div class=\"elementor-element elementor-element-542ded65 e-con-full e-flex e-con e-parent\" data-id=\"542ded65\" data-element_type=\"container\" data-e-type=\"container\" data-settings=\"{&quot;background_background&quot;:&quot;classic&quot;}\">\n\t\t<div class=\"elementor-element elementor-element-a5f41d9 e-con-full e-flex e-con e-child\" data-id=\"a5f41d9\" data-element_type=\"container\" data-e-type=\"container\">\n\t\t\t\t<div class=\"elementor-element elementor-element-c82e5e3 elementor-widget elementor-widget-hub_fancy_heading\" data-id=\"c82e5e3\" data-element_type=\"widget\" data-e-type=\"widget\" data-widget_type=\"hub_fancy_heading.default\">\n\t\t\t\t<div class=\"elementor-widget-container\">\n\t\t\t\t\t\n\t\t<div id=\"ld-fancy-heading-69ea548751eb1\" class=\"ld-fancy-heading pos-rel\">\n\t\t\t<h1 class=\"ld-fh-element d-inline-block pos-rel  elementor-heading-title lqd-highlight-classic lqd-highlight-grow-left h1\"  > Katalog<\/h1>\t\t<\/div>\n\n\t\t\t\t\t\t<\/div>\n\t\t\t\t<\/div>\n\t\t\t\t<\/div>\n\t\t\t\t<\/div>\n\t\t<div class=\"elementor-element elementor-element-32e3555 e-flex e-con-boxed e-con e-parent\" data-id=\"32e3555\" data-element_type=\"container\" data-e-type=\"container\">\n\t\t\t\t\t<div class=\"e-con-inner\">\n\t\t\t\t<div class=\"elementor-element elementor-element-dd3652e e-n-tabs-mobile elementor-widget elementor-widget-n-tabs\" data-id=\"dd3652e\" data-element_type=\"widget\" data-e-type=\"widget\" data-settings=\"{&quot;tabs_justify_horizontal&quot;:&quot;center&quot;,&quot;horizontal_scroll&quot;:&quot;disable&quot;}\" data-widget_type=\"nested-tabs.default\">\n\t\t\t\t<div class=\"elementor-widget-container\">\n\t\t\t\t\t\t\t<div class=\"e-n-tabs\" data-widget-number=\"231957806\" aria-label=\"Sekmeler. Enter ve Space ile \u00f6geleri a\u00e7abilir, Escape ile \u00f6geleri kapatabilir ve Y\u00f6n tu\u015flar\u0131 ile \u00f6geler aras\u0131nda gezinebilirsiniz.\">\n\t\t\t<div class=\"e-n-tabs-heading\" role=\"tablist\">\n\t\t\t\t\t<button id=\"e-n-tab-title-2319578061\" data-tab-title-id=\"e-n-tab-title-2319578061\" class=\"e-n-tab-title\" aria-selected=\"true\" data-tab-index=\"1\" role=\"tab\" tabindex=\"0\" aria-controls=\"e-n-tab-content-2319578061\" style=\"--n-tabs-title-order: 1;\">\n\t\t\t\t\t\t<span class=\"e-n-tab-title-text\">\n\t\t\t\t<img decoding=\"async\" src=\"https:\/\/martura.com\/wp-content\/uploads\/Kirimli-Mockup.webp\" width=\"300\">\t\t\t<\/span>\n\t\t<\/button>\n\t\t\t\t<button id=\"e-n-tab-title-2319578062\" data-tab-title-id=\"e-n-tab-title-2319578062\" class=\"e-n-tab-title\" aria-selected=\"false\" data-tab-index=\"2\" role=\"tab\" tabindex=\"-1\" aria-controls=\"e-n-tab-content-2319578062\" style=\"--n-tabs-title-order: 2;\">\n\t\t\t\t\t\t<span class=\"e-n-tab-title-text\">\n\t\t\t\t<img decoding=\"async\" src=\"https:\/\/martura.com\/wp-content\/uploads\/Katalog-Mockup.webp\" width=\"300\">\t\t\t<\/span>\n\t\t<\/button>\n\t\t\t\t<button id=\"e-n-tab-title-2319578063\" data-tab-title-id=\"e-n-tab-title-2319578063\" class=\"e-n-tab-title\" aria-selected=\"false\" data-tab-index=\"3\" role=\"tab\" tabindex=\"-1\" aria-controls=\"e-n-tab-content-2319578063\" style=\"--n-tabs-title-order: 3;\">\n\t\t\t\t\t\t<span class=\"e-n-tab-title-text\">\n\t\t\t\t<img decoding=\"async\" src=\"https:\/\/martura.com\/wp-content\/uploads\/Mimari-Mockup.webp\" width=\"300\">\t\t\t<\/span>\n\t\t<\/button>\n\t\t\t\t\t<\/div>\n\t\t\t<div class=\"e-n-tabs-content\">\n\t\t\t\t<div id=\"e-n-tab-content-2319578061\" role=\"tabpanel\" aria-labelledby=\"e-n-tab-title-2319578061\" data-tab-index=\"1\" style=\"--n-tabs-title-order: 1;\" class=\"e-active elementor-element elementor-element-40a314b e-con-full e-flex e-con e-child\" data-id=\"40a314b\" data-element_type=\"container\" data-e-type=\"container\">\n\t\t<div class=\"elementor-element elementor-element-4948a1c e-flex e-con-boxed e-con e-child\" data-id=\"4948a1c\" data-element_type=\"container\" data-e-type=\"container\">\n\t\t\t\t\t<div class=\"e-con-inner\">\n\t\t\t\t<div class=\"elementor-element elementor-element-3b8560f elementor-widget elementor-widget-heading\" data-id=\"3b8560f\" data-element_type=\"widget\" data-e-type=\"widget\" data-widget_type=\"heading.default\">\n\t\t\t\t<div class=\"elementor-widget-container\">\n\t\t\t\t\t<h2 class=\"elementor-heading-title elementor-size-default\"><div class=\"_df_book df-lite\" id=\"df_14653\"  _slug=\"web-catalog-1\" data-title=\"catalogs-1\" wpoptions=\"true\" thumb=\"https:\/\/martura.com\/wp-content\/uploads\/katalog-kapak.webp\" thumbtype=\"\" ><\/div><script class=\"df-shortcode-script\" nowprocket type=\"application\/javascript\">window.option_df_14653 = {\"outline\":[],\"backgroundColor\":\"#fff\",\"autoEnableOutline\":\"false\",\"autoEnableThumbnail\":\"false\",\"overwritePDFOutline\":\"false\",\"direction\":\"1\",\"pageSize\":\"0\",\"source\":\"https:\\\/\\\/martura.com\\\/wp-content\\\/uploads\\\/Catalog-1.pdf\",\"wpOptions\":\"true\"}; if(window.DFLIP && window.DFLIP.parseBooks){window.DFLIP.parseBooks();}<\/script><\/h2>\t\t\t\t<\/div>\n\t\t\t\t<\/div>\n\t\t\t\t\t<\/div>\n\t\t\t\t<\/div>\n\t\t\t\t<\/div>\n\t\t<div id=\"e-n-tab-content-2319578062\" role=\"tabpanel\" aria-labelledby=\"e-n-tab-title-2319578062\" data-tab-index=\"2\" style=\"--n-tabs-title-order: 2;\" class=\" elementor-element elementor-element-ed03e57 e-con-full e-flex e-con e-child\" data-id=\"ed03e57\" data-element_type=\"container\" data-e-type=\"container\">\n\t\t<div class=\"elementor-element elementor-element-2e9dea1 e-flex e-con-boxed e-con e-child\" data-id=\"2e9dea1\" data-element_type=\"container\" data-e-type=\"container\">\n\t\t\t\t\t<div class=\"e-con-inner\">\n\t\t\t\t<div class=\"elementor-element elementor-element-c589156 elementor-widget elementor-widget-heading\" data-id=\"c589156\" data-element_type=\"widget\" data-e-type=\"widget\" data-widget_type=\"heading.default\">\n\t\t\t\t<div class=\"elementor-widget-container\">\n\t\t\t\t\t<h2 class=\"elementor-heading-title elementor-size-default\"><div class=\"_df_book df-lite\" id=\"df_14668\"  _slug=\"catalogs-2\" data-title=\"catalogs-2\" wpoptions=\"true\" thumb=\"https:\/\/martura.com\/wp-content\/uploads\/maruta.webp\" thumbtype=\"\" ><\/div><script class=\"df-shortcode-script\" nowprocket type=\"application\/javascript\">window.option_df_14668 = {\"outline\":[],\"backgroundColor\":\"#fff\",\"autoEnableOutline\":\"false\",\"autoEnableThumbnail\":\"false\",\"overwritePDFOutline\":\"false\",\"direction\":\"1\",\"pageSize\":\"0\",\"source\":\"https:\\\/\\\/martura.com\\\/wp-content\\\/uploads\\\/Prestij-Katalog-WEB.pdf\",\"wpOptions\":\"true\"}; if(window.DFLIP && window.DFLIP.parseBooks){window.DFLIP.parseBooks();}<\/script><\/h2>\t\t\t\t<\/div>\n\t\t\t\t<\/div>\n\t\t\t\t\t<\/div>\n\t\t\t\t<\/div>\n\t\t\t\t<\/div>\n\t\t<div id=\"e-n-tab-content-2319578063\" role=\"tabpanel\" aria-labelledby=\"e-n-tab-title-2319578063\" data-tab-index=\"3\" style=\"--n-tabs-title-order: 3;\" class=\" elementor-element elementor-element-a1e04e2 e-con-full e-flex e-con e-child\" data-id=\"a1e04e2\" data-element_type=\"container\" data-e-type=\"container\">\n\t\t<div class=\"elementor-element elementor-element-450e726 e-flex e-con-boxed e-con e-child\" data-id=\"450e726\" data-element_type=\"container\" data-e-type=\"container\">\n\t\t\t\t\t<div class=\"e-con-inner\">\n\t\t\t\t<div class=\"elementor-element elementor-element-c0021ea elementor-widget elementor-widget-heading\" data-id=\"c0021ea\" data-element_type=\"widget\" data-e-type=\"widget\" data-widget_type=\"heading.default\">\n\t\t\t\t<div class=\"elementor-widget-container\">\n\t\t\t\t\t<h2 class=\"elementor-heading-title elementor-size-default\"><div class=\"_df_book df-lite\" id=\"df_14670\"  _slug=\"mimari-katalog\" data-title=\"mimari-katalog\" wpoptions=\"true\" thumb=\"https:\/\/martura.com\/wp-content\/uploads\/mimari.webp\" thumbtype=\"\" ><\/div><script class=\"df-shortcode-script\" nowprocket type=\"application\/javascript\">window.option_df_14670 = {\"outline\":[],\"backgroundColor\":\"#fff\",\"autoEnableOutline\":\"false\",\"autoEnableThumbnail\":\"false\",\"overwritePDFOutline\":\"false\",\"direction\":\"1\",\"pageSize\":\"0\",\"source\":\"https:\\\/\\\/martura.com\\\/wp-content\\\/uploads\\\/Mimari-Katalog-Foyler-WEB.pdf\",\"wpOptions\":\"true\"}; if(window.DFLIP && window.DFLIP.parseBooks){window.DFLIP.parseBooks();}<\/script><\/h2>\t\t\t\t<\/div>\n\t\t\t\t<\/div>\n\t\t\t\t\t<\/div>\n\t\t\t\t<\/div>\n\t\t\t\t<\/div>\n\t\t\t\t\t<\/div>\n\t\t<\/div>\n\t\t\t\t\t\t<\/div>\n\t\t\t\t<\/div>\n\t\t\t\t\t<\/div>\n\t\t\t\t<\/div>\n\t\t\t\t<\/div>\n\t\t","protected":false},"excerpt":{"rendered":"","protected":false},"author":2,"featured_media":0,"parent":0,"menu_order":0,"comment_status":"closed","ping_status":"closed","template":"","meta":{"footnotes":""},"class_list":["post-20460","page","type-page","status-publish","hentry"],"_links":{"self":[{"href":"https:\/\/martura.com\/tr\/wp-json\/wp\/v2\/pages\/20460","targetHints":{"allow":["GET"]}}],"collection":[{"href":"https:\/\/martura.com\/tr\/wp-json\/wp\/v2\/pages"}],"about":[{"href":"https:\/\/martura.com\/tr\/wp-json\/wp\/v2\/types\/page"}],"author":[{"embeddable":true,"href":"https:\/\/martura.com\/tr\/wp-json\/wp\/v2\/users\/2"}],"replies":[{"embeddable":true,"href":"https:\/\/martura.com\/tr\/wp-json\/wp\/v2\/comments?post=20460"}],"version-history":[{"count":0,"href":"https:\/\/martura.com\/tr\/wp-json\/wp\/v2\/pages\/20460\/revisions"}],"wp:attachment":[{"href":"https:\/\/martura.com\/tr\/wp-json\/wp\/v2\/media?parent=20460"}],"curies":[{"name":"wp","href":"https:\/\/api.w.org\/{rel}","templated":true}]}}