{"id":20718,"date":"2023-09-18T13:18:31","date_gmt":"2023-09-18T10:18:31","guid":{"rendered":"https:\/\/martura.com\/cerez-politikasi\/"},"modified":"2023-10-27T13:56:05","modified_gmt":"2023-10-27T10:56:05","slug":"cerez-politikasi","status":"publish","type":"page","link":"https:\/\/martura.com\/tr\/cerez-politikasi\/","title":{"rendered":"\u00c7erez Politikas\u0131"},"content":{"rendered":"\t\t<div data-elementor-type=\"wp-page\" data-elementor-id=\"20718\" class=\"elementor elementor-20718 elementor-12541\" data-elementor-post-type=\"page\">\n\t\t\t\t<div class=\"elementor-element elementor-element-3210b11 e-con-full e-flex e-con e-parent\" data-id=\"3210b11\" data-element_type=\"container\" data-e-type=\"container\" data-settings=\"{&quot;background_background&quot;:&quot;classic&quot;}\">\n\t\t<div class=\"elementor-element elementor-element-2857ec0 e-con-full e-flex e-con e-child\" data-id=\"2857ec0\" data-element_type=\"container\" data-e-type=\"container\">\n\t\t\t\t<div class=\"elementor-element elementor-element-57da538 elementor-widget elementor-widget-hub_fancy_heading\" data-id=\"57da538\" data-element_type=\"widget\" data-e-type=\"widget\" data-widget_type=\"hub_fancy_heading.default\">\n\t\t\t\t<div class=\"elementor-widget-container\">\n\t\t\t\t\t\n\t\t<div id=\"ld-fancy-heading-69ea44f1a448a\" class=\"ld-fancy-heading pos-rel\">\n\t\t\t<h1 class=\"ld-fh-element d-inline-block pos-rel  elementor-heading-title lqd-highlight-classic lqd-highlight-grow-left h1\"  > \u00c7erez Politikas\u0131<\/h1>\t\t<\/div>\n\n\t\t\t\t\t\t<\/div>\n\t\t\t\t<\/div>\n\t\t\t\t<\/div>\n\t\t\t\t<\/div>\n\t\t\t\t<section class=\"elementor-section elementor-top-section elementor-element elementor-element-3d65bbb9 elementor-section-boxed elementor-section-height-default elementor-section-height-default\" data-id=\"3d65bbb9\" data-element_type=\"section\" data-e-type=\"section\">\n\t\t\t\t\t\t<div class=\"elementor-container elementor-column-gap-default\">\n\t\t\t\t\t<div class=\"lqd-css-sticky-column elementor-column elementor-col-33 elementor-top-column elementor-element elementor-element-2ba3d007\" style=\"--lqd-sticky-offset:30px\" data-id=\"2ba3d007\" data-element_type=\"column\" data-e-type=\"column\">\n\t\t\t<div class=\"elementor-widget-wrap elementor-element-populated\">\n\t\t\t\t\t\t<div class=\"elementor-element elementor-element-c57ff93 elementor-icon-list--layout-traditional elementor-list-item-link-full_width elementor-widget elementor-widget-icon-list\" data-id=\"c57ff93\" data-element_type=\"widget\" data-e-type=\"widget\" data-widget_type=\"icon-list.default\">\n\t\t\t\t<div class=\"elementor-widget-container\">\n\t\t\t\t\t\t\t<ul class=\"elementor-icon-list-items\">\n\t\t\t\t\t\t\t<li class=\"elementor-icon-list-item\">\n\t\t\t\t\t\t\t\t\t\t\t<a href=\"https:\/\/martura.com\/tr\/kvkk\/\">\n\n\t\t\t\t\t\t\t\t\t\t\t<span class=\"elementor-icon-list-text\">KVKK<\/span>\n\t\t\t\t\t\t\t\t\t\t\t<\/a>\n\t\t\t\t\t\t\t\t\t<\/li>\n\t\t\t\t\t\t\t\t<li class=\"elementor-icon-list-item\">\n\t\t\t\t\t\t\t\t\t\t\t<a href=\"https:\/\/martura.com\/tr\/gizlilik-politikasi\/\">\n\n\t\t\t\t\t\t\t\t\t\t\t<span class=\"elementor-icon-list-text\">Gizlilik Politikas\u0131<\/span>\n\t\t\t\t\t\t\t\t\t\t\t<\/a>\n\t\t\t\t\t\t\t\t\t<\/li>\n\t\t\t\t\t\t\t\t<li class=\"elementor-icon-list-item\">\n\t\t\t\t\t\t\t\t\t\t\t<a href=\"https:\/\/martura.com\/tr\/cerez-politikasi\/\">\n\n\t\t\t\t\t\t\t\t\t\t\t<span class=\"elementor-icon-list-text\">\u00c7erez Politikas\u0131<\/span>\n\t\t\t\t\t\t\t\t\t\t\t<\/a>\n\t\t\t\t\t\t\t\t\t<\/li>\n\t\t\t\t\t\t\t\t<li class=\"elementor-icon-list-item\">\n\t\t\t\t\t\t\t\t\t\t\t<a href=\"https:\/\/martura.com\/tr\/iletisim\/\">\n\n\t\t\t\t\t\t\t\t\t\t\t<span class=\"elementor-icon-list-text\">\u0130leti\u015fim<\/span>\n\t\t\t\t\t\t\t\t\t\t\t<\/a>\n\t\t\t\t\t\t\t\t\t<\/li>\n\t\t\t\t\t\t<\/ul>\n\t\t\t\t\t\t<\/div>\n\t\t\t\t<\/div>\n\t\t\t\t\t<\/div>\n\t\t<\/div>\n\t\t\t\t<div class=\"elementor-column elementor-col-66 elementor-top-column elementor-element elementor-element-536d878a\" data-id=\"536d878a\" data-element_type=\"column\" data-e-type=\"column\">\n\t\t\t<div class=\"elementor-widget-wrap elementor-element-populated\">\n\t\t\t\t\t\t<div class=\"elementor-element elementor-element-65fef6ef elementor-widget elementor-widget-hub_fancy_heading\" data-id=\"65fef6ef\" data-element_type=\"widget\" data-e-type=\"widget\" id=\"return\" data-widget_type=\"hub_fancy_heading.default\">\n\t\t\t\t<div class=\"elementor-widget-container\">\n\t\t\t\t\t\n\t\t<div id=\"ld-fancy-heading-69ea44f1a52a9\" class=\"ld-fancy-heading pos-rel\">\n\t\t\t<h2 class=\"ld-fh-element d-inline-block pos-rel  elementor-heading-title lqd-highlight-classic lqd-highlight-grow-left h2\"  > \u00c7erez Politikas\u0131<\/h2>\t\t<\/div>\n\n\t\t\t\t\t\t<\/div>\n\t\t\t\t<\/div>\n\t\t\t\t<div class=\"elementor-element elementor-element-fe4bcef elementor-widget elementor-widget-text-editor\" data-id=\"fe4bcef\" data-element_type=\"widget\" data-e-type=\"widget\" data-widget_type=\"text-editor.default\">\n\t\t\t\t<div class=\"elementor-widget-container\">\n\t\t\t\t\t\t\t\t\t<p>Son kullanma tarihine g\u00f6re \u00e7erezler: Martura Stones (bundan b\u00f6yle &#8220;Martura Stones&#8221; olarak an\u0131lacakt\u0131r) taraf\u0131ndan i\u015fletilen elektronik ticaret platformlar\u0131na ait internet sitelerinde ve mobil internet sitelerinde son kullanma tarihlerine g\u00f6re oturum \u00e7erezleri ve kal\u0131c\u0131 \u00e7erezler kullan\u0131lmaktad\u0131r. Oturum \u00e7erezleri, web taray\u0131c\u0131n\u0131z\u0131 kapatt\u0131\u011f\u0131n\u0131zda tarama oturumunuzun sonunda sona erer. Kal\u0131c\u0131 \u00e7erezler ise sabit diskinizde uzun s\u00fcre veya s\u00fcresiz olarak saklan\u0131r.<\/p>\n<\/p>\n<p>Sahibine veya yerle\u015ftiren tarafa dayal\u0131 \u00e7erezler: Martura Stones taraf\u0131ndan i\u015fletilen elektronik ticaret platformlar\u0131n\u0131n web sitelerinde ve mobil web sitelerinde, yerle\u015ftiren tarafa ba\u011fl\u0131 olarak &#8220;birinci taraf \u00e7erezleri (Martura Stones taraf\u0131ndan kullan\u0131lan \u00e7erezler)&#8221; ve &#8220;\u00fc\u00e7\u00fcnc\u00fc taraf \u00e7erezleri&#8221; kullan\u0131lmaktad\u0131r. Birinci parti \u00e7erezler Martura Stones taraf\u0131ndan belirlenmekte olup, \u00fc\u00e7\u00fcnc\u00fc parti \u00e7erezler ise i\u015fbirli\u011fi yapt\u0131\u011f\u0131m\u0131z \u00fc\u00e7\u00fcnc\u00fc parti firmalar (Google, Facebook vb.) taraf\u0131ndan y\u00f6netilmektedir.<\/p>\n<p>Kullan\u0131m ama\u00e7lar\u0131na g\u00f6re \u00e7erezler: Martura Stones&#8217;un web sitelerinde ve mobil web sitelerinde, kullan\u0131m ama\u00e7lar\u0131na g\u00f6re a\u015fa\u011f\u0131daki \u00e7erezler kullan\u0131lmaktad\u0131r:<\/p>\n<ol type=\"a\">\n<li>Zorunlu \u00c7erezler: Bu \u00e7erezler internet sitesinin \u00e7al\u0131\u015fmas\u0131 i\u00e7in gereklidir ve sistemlerimizde kapat\u0131lamaz. Bu \u00e7erezler, web sitesinde gezinmenize, gizlilik se\u00e7eneklerini belirlemenize ve oturum a\u00e7ma veya form doldurma gibi hizmet taleplerine kar\u015f\u0131l\u0131k gelen eylemleri kullanman\u0131za olanak tan\u0131r.<\/li>\n<li>Performans \u00c7erezleri: Bu \u00e7erezler web sitesinin \u00e7al\u0131\u015fmas\u0131n\u0131 iyile\u015ftirmek i\u00e7in kullan\u0131l\u0131r. Bir ziyaret\u00e7iyi tan\u0131mlayan veriler toplamazlar. Bu \u00e7erezler, ziyaret\u00e7ilerin web sitesini nas\u0131l kulland\u0131klar\u0131 hakk\u0131nda bilgi verir (\u00f6rne\u011fin, herhangi bir hata mesaj\u0131 al\u0131p almad\u0131klar\u0131).<\/li>\n<li>\u0130\u015flevsel \u00c7erezler: Bu \u00e7erezler, web sitesinin tercihlerinizi (kullan\u0131c\u0131 ad\u0131, dil veya \u00fclke\/b\u00f6lge vb.) hat\u0131rlamas\u0131n\u0131 ve geli\u015fmi\u015f, \u00e7ok daha ki\u015fisel \u00f6zellikler sunmas\u0131n\u0131 sa\u011flar. Ayr\u0131ca, bu \u00e7erezler metin boyutu, yaz\u0131 tipleri ve web sayfalar\u0131n\u0131n di\u011fer b\u00f6l\u00fcmlerinde \u00f6zelle\u015ftirebilece\u011finiz de\u011fi\u015fiklikleri hat\u0131rlamak i\u00e7in de kullan\u0131labilir. Bu \u00e7erezler taraf\u0131ndan toplanan bilgiler gizli tutulabilir ve bu \u00e7erezler di\u011fer web sitelerindeki tarama etkinli\u011finizi izleyemez. Bu \u00e7erezlere izin vermezseniz, bu i\u015flevlerin baz\u0131lar\u0131 veya t\u00fcm\u00fc d\u00fczg\u00fcn \u00e7al\u0131\u015fmayabilir.<\/li>\n<li>Hedefleme ve reklam \u00e7erezleri: Bu \u00e7erezler profilinizi olu\u015fturmak ve ilgi alanlar\u0131n\u0131zla alakal\u0131 reklamlar sunmak i\u00e7in kullan\u0131l\u0131r. Reklam kampanyas\u0131n\u0131n etkinli\u011fini \u00f6l\u00e7meye yard\u0131mc\u0131 olman\u0131n yan\u0131 s\u0131ra, bir reklam\u0131n g\u00f6r\u00fclme say\u0131s\u0131n\u0131 s\u0131n\u0131rlamak i\u00e7in de kullan\u0131l\u0131r. Genellikle web sitesi sahibinin izniyle reklam a\u011flar\u0131na yerle\u015ftirilir (\u00f6r. sosyal medya siteleri). Web sitesini ziyaretinizle ilgili bilgiler reklam veren di\u011fer kurulu\u015flarla payla\u015f\u0131lmaktad\u0131r. Bu \u00e7erezlere izin verilmezse, hedefli reklamlar\u0131m\u0131z farkl\u0131 web sitelerinde deneyimlenemez.<\/li>\n<\/ol>\n\t\t\t\t\t\t\t\t<\/div>\n\t\t\t\t<\/div>\n\t\t\t\t<div class=\"elementor-element elementor-element-f98c521 elementor-widget elementor-widget-ld_table\" data-id=\"f98c521\" data-element_type=\"widget\" data-e-type=\"widget\" data-widget_type=\"ld_table.default\">\n\t\t\t\t<div class=\"elementor-widget-container\">\n\t\t\t\t\t<table><thead><tr><th class=\"elementor-repeater-item-7ab94a2\"> Cookie Service<\/th><th class=\"elementor-repeater-item-6afb893\">Cookie Name<\/th><th class=\"elementor-repeater-item-04db5fa\">Cookie Purpose<\/th><th class=\"elementor-repeater-item-5b3346c\">Cookie Purpose<\/th><th class=\"elementor-repeater-item-226e02d\">Cookie Expiry<\/th><\/thead><\/tr><tr><td class=\"elementor-repeater-item-9bfb157\">Google<\/td><td class=\"elementor-repeater-item-d802ef4\">_ga\t<\/td><td class=\"elementor-repeater-item-9746d43\">Used by Google Analytics to distinguish users from one another.\t<\/td><td class=\"elementor-repeater-item-1b1cd1d\">Persistent Cookie\t<\/td><td class=\"elementor-repeater-item-6122672\">2 years<\/td><\/tr><tr><td class=\"elementor-repeater-item-03a8d41\">Google<\/td><td class=\"elementor-repeater-item-5485f4c\">_gid\t<\/td><td class=\"elementor-repeater-item-7b77232\">Used by Google Analytics to distinguish users from one another.\t<\/td><td class=\"elementor-repeater-item-c5b953b\">Persistent Cookie\t<\/td><td class=\"elementor-repeater-item-af757bd\">24 hours<\/td><\/tr><tr><td class=\"elementor-repeater-item-8cd07fb\">Google<\/td><td class=\"elementor-repeater-item-c48638a\">_gat\t<\/td><td class=\"elementor-repeater-item-430c35a\">Used by Google Analytics to distinguish users from one another.\t<\/td><td class=\"elementor-repeater-item-ab9f72c\">Persistent Cookie\t<\/td><td class=\"elementor-repeater-item-bd705e3\">1 minute<\/td><\/tr><\/table>\t\t\t\t<\/div>\n\t\t\t\t<\/div>\n\t\t\t\t\t<\/div>\n\t\t<\/div>\n\t\t\t\t\t<\/div>\n\t\t<\/section>\n\t\t\t\t<\/div>\n\t\t","protected":false},"excerpt":{"rendered":"<p>KVKK Gizlilik Politikas\u0131 \u00c7erez Politikas\u0131 \u0130leti\u015fim \u00c7erez Politikas\u0131 Son kullanma tarihine g\u00f6re \u00e7erezler: Martura Stones (bundan b\u00f6yle &#8220;Martura Stones&#8221; olarak an\u0131lacakt\u0131r) taraf\u0131ndan i\u015fletilen elektronik ticaret platformlar\u0131na ait internet sitelerinde ve mobil internet sitelerinde son kullanma tarihlerine g\u00f6re oturum \u00e7erezleri ve kal\u0131c\u0131 \u00e7erezler kullan\u0131lmaktad\u0131r. Oturum \u00e7erezleri, web taray\u0131c\u0131n\u0131z\u0131 kapatt\u0131\u011f\u0131n\u0131zda tarama oturumunuzun sonunda sona erer. Kal\u0131c\u0131 \u00e7erezler [&hellip;]<\/p>\n","protected":false},"author":2,"featured_media":0,"parent":0,"menu_order":0,"comment_status":"closed","ping_status":"closed","template":"","meta":{"footnotes":""},"class_list":["post-20718","page","type-page","status-publish","hentry"],"_links":{"self":[{"href":"https:\/\/martura.com\/tr\/wp-json\/wp\/v2\/pages\/20718","targetHints":{"allow":["GET"]}}],"collection":[{"href":"https:\/\/martura.com\/tr\/wp-json\/wp\/v2\/pages"}],"about":[{"href":"https:\/\/martura.com\/tr\/wp-json\/wp\/v2\/types\/page"}],"author":[{"embeddable":true,"href":"https:\/\/martura.com\/tr\/wp-json\/wp\/v2\/users\/2"}],"replies":[{"embeddable":true,"href":"https:\/\/martura.com\/tr\/wp-json\/wp\/v2\/comments?post=20718"}],"version-history":[{"count":0,"href":"https:\/\/martura.com\/tr\/wp-json\/wp\/v2\/pages\/20718\/revisions"}],"wp:attachment":[{"href":"https:\/\/martura.com\/tr\/wp-json\/wp\/v2\/media?parent=20718"}],"curies":[{"name":"wp","href":"https:\/\/api.w.org\/{rel}","templated":true}]}}