{"id":20762,"date":"2023-09-18T13:29:05","date_gmt":"2023-09-18T10:29:05","guid":{"rendered":"https:\/\/martura.com\/gizlilik-politikasi\/"},"modified":"2023-10-27T13:56:25","modified_gmt":"2023-10-27T10:56:25","slug":"gizlilik-politikasi","status":"publish","type":"page","link":"https:\/\/martura.com\/tr\/gizlilik-politikasi\/","title":{"rendered":"Gizlilik Politikas\u0131"},"content":{"rendered":"\t\t<div data-elementor-type=\"wp-page\" data-elementor-id=\"20762\" class=\"elementor elementor-20762 elementor-12606\" data-elementor-post-type=\"page\">\n\t\t\t\t<div class=\"elementor-element elementor-element-3210b11 e-con-full e-flex e-con e-parent\" data-id=\"3210b11\" data-element_type=\"container\" data-e-type=\"container\" data-settings=\"{&quot;background_background&quot;:&quot;classic&quot;}\">\n\t\t<div class=\"elementor-element elementor-element-2857ec0 e-con-full e-flex e-con e-child\" data-id=\"2857ec0\" data-element_type=\"container\" data-e-type=\"container\">\n\t\t\t\t<div class=\"elementor-element elementor-element-57da538 elementor-widget elementor-widget-hub_fancy_heading\" data-id=\"57da538\" data-element_type=\"widget\" data-e-type=\"widget\" data-widget_type=\"hub_fancy_heading.default\">\n\t\t\t\t<div class=\"elementor-widget-container\">\n\t\t\t\t\t\n\t\t<div id=\"ld-fancy-heading-69ea4506a2aaf\" class=\"ld-fancy-heading pos-rel\">\n\t\t\t<h1 class=\"ld-fh-element d-inline-block pos-rel  elementor-heading-title lqd-highlight-classic lqd-highlight-grow-left h1\"  > Gizlilik Politikas\u0131<\/h1>\t\t<\/div>\n\n\t\t\t\t\t\t<\/div>\n\t\t\t\t<\/div>\n\t\t\t\t<\/div>\n\t\t\t\t<\/div>\n\t\t\t\t<section class=\"elementor-section elementor-top-section elementor-element elementor-element-3d65bbb9 elementor-section-boxed elementor-section-height-default elementor-section-height-default\" data-id=\"3d65bbb9\" data-element_type=\"section\" data-e-type=\"section\">\n\t\t\t\t\t\t<div class=\"elementor-container elementor-column-gap-default\">\n\t\t\t\t\t<div class=\"lqd-css-sticky-column elementor-column elementor-col-33 elementor-top-column elementor-element elementor-element-2ba3d007\" style=\"--lqd-sticky-offset:30px\" data-id=\"2ba3d007\" data-element_type=\"column\" data-e-type=\"column\">\n\t\t\t<div class=\"elementor-widget-wrap elementor-element-populated\">\n\t\t\t\t\t\t<div class=\"elementor-element elementor-element-c57ff93 elementor-icon-list--layout-traditional elementor-list-item-link-full_width elementor-widget elementor-widget-icon-list\" data-id=\"c57ff93\" data-element_type=\"widget\" data-e-type=\"widget\" data-widget_type=\"icon-list.default\">\n\t\t\t\t<div class=\"elementor-widget-container\">\n\t\t\t\t\t\t\t<ul class=\"elementor-icon-list-items\">\n\t\t\t\t\t\t\t<li class=\"elementor-icon-list-item\">\n\t\t\t\t\t\t\t\t\t\t\t<a href=\"https:\/\/martura.com\/tr\/kvkk\/\">\n\n\t\t\t\t\t\t\t\t\t\t\t<span class=\"elementor-icon-list-text\">KVKK<\/span>\n\t\t\t\t\t\t\t\t\t\t\t<\/a>\n\t\t\t\t\t\t\t\t\t<\/li>\n\t\t\t\t\t\t\t\t<li class=\"elementor-icon-list-item\">\n\t\t\t\t\t\t\t\t\t\t\t<a href=\"https:\/\/martura.com\/tr\/gizlilik-politikasi\/\">\n\n\t\t\t\t\t\t\t\t\t\t\t<span class=\"elementor-icon-list-text\">Gizlilik Politikas\u0131<\/span>\n\t\t\t\t\t\t\t\t\t\t\t<\/a>\n\t\t\t\t\t\t\t\t\t<\/li>\n\t\t\t\t\t\t\t\t<li class=\"elementor-icon-list-item\">\n\t\t\t\t\t\t\t\t\t\t\t<a href=\"https:\/\/martura.com\/tr\/cerez-politikasi\/\">\n\n\t\t\t\t\t\t\t\t\t\t\t<span class=\"elementor-icon-list-text\">\u00c7erez Politikas\u0131<\/span>\n\t\t\t\t\t\t\t\t\t\t\t<\/a>\n\t\t\t\t\t\t\t\t\t<\/li>\n\t\t\t\t\t\t\t\t<li class=\"elementor-icon-list-item\">\n\t\t\t\t\t\t\t\t\t\t\t<a href=\"https:\/\/martura.com\/tr\/iletisim\/\">\n\n\t\t\t\t\t\t\t\t\t\t\t<span class=\"elementor-icon-list-text\">\u0130leti\u015fim<\/span>\n\t\t\t\t\t\t\t\t\t\t\t<\/a>\n\t\t\t\t\t\t\t\t\t<\/li>\n\t\t\t\t\t\t<\/ul>\n\t\t\t\t\t\t<\/div>\n\t\t\t\t<\/div>\n\t\t\t\t\t<\/div>\n\t\t<\/div>\n\t\t\t\t<div class=\"elementor-column elementor-col-66 elementor-top-column elementor-element elementor-element-536d878a\" data-id=\"536d878a\" data-element_type=\"column\" data-e-type=\"column\">\n\t\t\t<div class=\"elementor-widget-wrap elementor-element-populated\">\n\t\t\t\t\t\t<div class=\"elementor-element elementor-element-65fef6ef elementor-widget elementor-widget-hub_fancy_heading\" data-id=\"65fef6ef\" data-element_type=\"widget\" data-e-type=\"widget\" id=\"return\" data-widget_type=\"hub_fancy_heading.default\">\n\t\t\t\t<div class=\"elementor-widget-container\">\n\t\t\t\t\t\n\t\t<div id=\"ld-fancy-heading-69ea4506a38a6\" class=\"ld-fancy-heading pos-rel\">\n\t\t\t<h2 class=\"ld-fh-element d-inline-block pos-rel  elementor-heading-title lqd-highlight-classic lqd-highlight-grow-left h2\"  > Gizlilik Politikas\u0131<\/h2>\t\t<\/div>\n\n\t\t\t\t\t\t<\/div>\n\t\t\t\t<\/div>\n\t\t\t\t<div class=\"elementor-element elementor-element-fe4bcef elementor-widget elementor-widget-text-editor\" data-id=\"fe4bcef\" data-element_type=\"widget\" data-e-type=\"widget\" data-widget_type=\"text-editor.default\">\n\t\t\t\t<div class=\"elementor-widget-container\">\n\t\t\t\t\t\t\t\t\t<p>Martura Stones ve ba\u011fl\u0131 \u015firketleri, ad\u0131n\u0131z\u0131, elektronik posta adresinizi, i\u015f ve ev adresinizi ve di\u011fer ki\u015fisel verilerinizi (bundan b\u00f6yle &#8216;Ki\u015fisel Bilgiler&#8217; olarak an\u0131lacakt\u0131r) \u00fc\u00e7\u00fcnc\u00fc ki\u015filere satmayacaklar\u0131n\u0131, kiralamayacaklar\u0131n\u0131 veya kullan\u0131m i\u00e7in a\u00e7\u0131klamayacaklar\u0131n\u0131 kabul, beyan ve taahh\u00fct ederler.<\/p>\n<p>Martura Stones ve ba\u011fl\u0131 \u015firketleri Ki\u015fisel Bilgileri a\u015fa\u011f\u0131daki ama\u00e7larla s\u0131n\u0131rl\u0131 olarak kullanacakt\u0131r: Bas\u0131l\u0131 yay\u0131nlar\/yaz\u0131\u015fmalar g\u00f6ndermek, elektronik posta yoluyla bas\u0131n b\u00fcltenleri veya a\u00e7\u0131klamalar g\u00f6ndermek, i\u015fe al\u0131m s\u00fcrecinde ba\u015fvurular\u0131n\u0131z\u0131 de\u011ferlendirmek, sat\u0131n ald\u0131\u011f\u0131n\u0131z \u00fcr\u00fcnleri ve\/veya \u00f6d\u00fcllerinizi teslim etmek.<\/p>\n<p>Yaln\u0131zca Martura Stones ve ba\u011fl\u0131 \u015firketlerinin yetkili personeli ve Ki\u015fisel Bilgileri gizli tutmay\u0131 kabul eden \u00fc\u00e7\u00fcnc\u00fc ki\u015fi temsilcilerimiz Ki\u015fisel Bilgilere eri\u015fim sa\u011flayabilir. Martura Stones ve ba\u011fl\u0131 \u015firketleri, Ki\u015fisel Bilgileri if\u015fa etmeden web sitesini geli\u015ftirmek ve genel olarak t\u00fcketicileri hakk\u0131nda daha fazla bilgi edinmek amac\u0131yla Ki\u015fisel Bilgilerden t\u00fcretilebilecek istatistiksel verileri (gezgin tipi, co\u011frafi konum, ya\u015f, cinsiyet vb.) kullanabilir. Bu \u015fekilde elde edilen istatistiksel veriler \u00fczerindeki her t\u00fcrl\u00fc hak Martura Stones ve ba\u011fl\u0131 \u015firketlerine aittir.<\/p>\n<p>Martura Stones ve ba\u011fl\u0131 \u015firketleri, web sitelerindeki ba\u011flant\u0131lar arac\u0131l\u0131\u011f\u0131yla eri\u015fece\u011finiz \u00fc\u00e7\u00fcnc\u00fc taraflara ait web sitelerinin gizlilik politikalar\u0131n\u0131 garanti etmez: Bu nedenle, ki\u015fisel olarak tan\u0131mlanabilecek herhangi bir bilgi vermeden \u00f6nce ziyaret etti\u011finiz web sitelerinin gizlilik politikalar\u0131n\u0131 de\u011ferlendirmenizi \u00f6neririz.<\/p>\n\t\t\t\t\t\t\t\t<\/div>\n\t\t\t\t<\/div>\n\t\t\t\t\t<\/div>\n\t\t<\/div>\n\t\t\t\t\t<\/div>\n\t\t<\/section>\n\t\t\t\t<\/div>\n\t\t","protected":false},"excerpt":{"rendered":"<p>KVKK Gizlilik Politikas\u0131 \u00c7erez Politikas\u0131 \u0130leti\u015fim Gizlilik Politikas\u0131 Martura Stones ve ba\u011fl\u0131 \u015firketleri, ad\u0131n\u0131z\u0131, elektronik posta adresinizi, i\u015f ve ev adresinizi ve di\u011fer ki\u015fisel verilerinizi (bundan b\u00f6yle &#8216;Ki\u015fisel Bilgiler&#8217; olarak an\u0131lacakt\u0131r) \u00fc\u00e7\u00fcnc\u00fc ki\u015filere satmayacaklar\u0131n\u0131, kiralamayacaklar\u0131n\u0131 veya kullan\u0131m i\u00e7in a\u00e7\u0131klamayacaklar\u0131n\u0131 kabul, beyan ve taahh\u00fct ederler. Martura Stones ve ba\u011fl\u0131 \u015firketleri Ki\u015fisel Bilgileri a\u015fa\u011f\u0131daki ama\u00e7larla s\u0131n\u0131rl\u0131 olarak [&hellip;]<\/p>\n","protected":false},"author":2,"featured_media":0,"parent":0,"menu_order":0,"comment_status":"closed","ping_status":"closed","template":"","meta":{"footnotes":""},"class_list":["post-20762","page","type-page","status-publish","hentry"],"_links":{"self":[{"href":"https:\/\/martura.com\/tr\/wp-json\/wp\/v2\/pages\/20762","targetHints":{"allow":["GET"]}}],"collection":[{"href":"https:\/\/martura.com\/tr\/wp-json\/wp\/v2\/pages"}],"about":[{"href":"https:\/\/martura.com\/tr\/wp-json\/wp\/v2\/types\/page"}],"author":[{"embeddable":true,"href":"https:\/\/martura.com\/tr\/wp-json\/wp\/v2\/users\/2"}],"replies":[{"embeddable":true,"href":"https:\/\/martura.com\/tr\/wp-json\/wp\/v2\/comments?post=20762"}],"version-history":[{"count":0,"href":"https:\/\/martura.com\/tr\/wp-json\/wp\/v2\/pages\/20762\/revisions"}],"wp:attachment":[{"href":"https:\/\/martura.com\/tr\/wp-json\/wp\/v2\/media?parent=20762"}],"curies":[{"name":"wp","href":"https:\/\/api.w.org\/{rel}","templated":true}]}}